{"id":1963,"date":"2019-09-09T18:58:21","date_gmt":"2019-09-09T16:58:21","guid":{"rendered":"https:\/\/www.pruebas.hgdevelopers.com\/?page_id=1963"},"modified":"2019-11-21T16:03:13","modified_gmt":"2019-11-21T15:03:13","slug":"formacion-familias","status":"publish","type":"page","link":"https:\/\/www.colegiosanpelayo.es\/eu\/formacion-familias\/","title":{"rendered":"Familien prestakuntza"},"content":{"rendered":"<p>[vc_row][vc_column width=&#8221;1\/4&#8243;]<style type=\"text\/css\" data-type=\"the7_shortcodes-inline-css\">.shortcode-single-image-wrap.shortcode-single-image-ef6af00d785bb46518c1f82684d8e29f.enable-bg-rollover .rollover i,\n.shortcode-single-image-wrap.shortcode-single-image-ef6af00d785bb46518c1f82684d8e29f.enable-bg-rollover .rollover-video i {\n  background: ;\n  background: -webkit-linear-gradient();\n  background: linear-gradient();\n}\n.shortcode-single-image-wrap.shortcode-single-image-ef6af00d785bb46518c1f82684d8e29f .rollover-icon {\n  font-size: 32px;\n  color: #ffffff;\n  min-width: 44px;\n  min-height: 44px;\n  line-height: 44px;\n  border-radius: 100px;\n  border-style: solid;\n  border-width: 0px;\n}\n.dt-icon-bg-on.shortcode-single-image-wrap.shortcode-single-image-ef6af00d785bb46518c1f82684d8e29f .rollover-icon {\n  background: rgba(255,255,255,0.3);\n  -webkit-box-shadow: none;\n  box-shadow: none;\n}\n<\/style><div class=\"shortcode-single-image-wrap shortcode-single-image-ef6af00d785bb46518c1f82684d8e29f alignnone  enable-bg-rollover dt-icon-bg-off\" style=\"margin-top:0px; margin-bottom:0px; margin-left:0px; margin-right:0px; width:220px;\"><div class=\"shortcode-single-image\"><div class=\"fancy-media-wrap  layzr-bg\" style=\"border-radius:500px;\"><img class=\"preload-me lazy-load\" src=\"data:image\/svg+xml,%3Csvg%20xmlns%3D&#39;http%3A%2F%2Fwww.w3.org%2F2000%2Fsvg&#39;%20viewBox%3D&#39;0%200%20220%20220&#39;%2F%3E\" data-src=\"https:\/\/www.colegiosanpelayo.es\/wp-content\/uploads\/2019\/09\/geometry-1044090_1920-220x220.jpg\" data-srcset=\"https:\/\/www.colegiosanpelayo.es\/wp-content\/uploads\/2019\/09\/geometry-1044090_1920-220x220.jpg 220w, https:\/\/www.colegiosanpelayo.es\/wp-content\/uploads\/2019\/09\/geometry-1044090_1920-440x440.jpg 440w\" width=\"220\" height=\"220\"  data-dt-location=\"https:\/\/www.colegiosanpelayo.es\/eu\/formacion-familias\/geometry-1044090_1920\/\" style=\"border-radius:500px;\" alt=\"\" \/><\/div><\/div><\/div><div id=\"ultimate-heading-7369f2ae9bd6dc4\" class=\"uvc-heading ult-adjust-bottom-margin ultimate-heading-7369f2ae9bd6dc4 uvc-5871  uvc-heading-default-font-sizes\" data-hspacer=\"no_spacer\"  data-halign=\"center\" style=\"text-align:center\"><div class=\"uvc-heading-spacer no_spacer\" style=\"top\"><\/div><div class=\"uvc-sub-heading ult-responsive\"  data-ultimate-target='.uvc-heading.ultimate-heading-7369f2ae9bd6dc4 .uvc-sub-heading '  data-responsive-json-new='{\"font-size\":\"\",\"line-height\":\"\"}'  style=\"font-weight:normal;color:#81d742;\"><\/p>\n<h3>IPAD aren erabilerak, matematika tailerra edo alfabetatzea.<\/h3>\n<p><\/div><\/div>[vc_column_text]<\/p>\n<p style=\"text-align: center;\">EGUNA: azaroan<\/p>\n<p style=\"text-align: center;\">ORDUA: 15:00-16:30<\/p>\n<p style=\"text-align: center;\">LEKUA: zentroko liburutegia<\/p>\n<p>[\/vc_column_text][\/vc_column][vc_column width=&#8221;1\/4&#8243;]<style type=\"text\/css\" data-type=\"the7_shortcodes-inline-css\">.shortcode-single-image-wrap.shortcode-single-image-366a3e904b4dd78cea6563126b1e08e8.enable-bg-rollover .rollover i,\n.shortcode-single-image-wrap.shortcode-single-image-366a3e904b4dd78cea6563126b1e08e8.enable-bg-rollover .rollover-video i {\n  background: ;\n  background: -webkit-linear-gradient();\n  background: linear-gradient();\n}\n.shortcode-single-image-wrap.shortcode-single-image-366a3e904b4dd78cea6563126b1e08e8 .rollover-icon {\n  font-size: 32px;\n  color: #ffffff;\n  min-width: 44px;\n  min-height: 44px;\n  line-height: 44px;\n  border-radius: 100px;\n  border-style: solid;\n  border-width: 0px;\n}\n.dt-icon-bg-on.shortcode-single-image-wrap.shortcode-single-image-366a3e904b4dd78cea6563126b1e08e8 .rollover-icon {\n  background: rgba(255,255,255,0.3);\n  -webkit-box-shadow: none;\n  box-shadow: none;\n}\n<\/style><div class=\"shortcode-single-image-wrap shortcode-single-image-366a3e904b4dd78cea6563126b1e08e8 alignnone  enable-bg-rollover dt-icon-bg-off\" style=\"margin-top:0px; margin-bottom:0px; margin-left:0px; margin-right:0px; width:220px;\"><div class=\"shortcode-single-image\"><div class=\"fancy-media-wrap  layzr-bg\" style=\"border-radius:500px;\"><img class=\"preload-me lazy-load\" src=\"data:image\/svg+xml,%3Csvg%20xmlns%3D&#39;http%3A%2F%2Fwww.w3.org%2F2000%2Fsvg&#39;%20viewBox%3D&#39;0%200%20220%20220&#39;%2F%3E\" data-src=\"https:\/\/www.colegiosanpelayo.es\/wp-content\/uploads\/2019\/09\/smiley-2979107_1920-220x220.jpg\" data-srcset=\"https:\/\/www.colegiosanpelayo.es\/wp-content\/uploads\/2019\/09\/smiley-2979107_1920-220x220.jpg 220w, https:\/\/www.colegiosanpelayo.es\/wp-content\/uploads\/2019\/09\/smiley-2979107_1920-440x440.jpg 440w\" width=\"220\" height=\"220\"  data-dt-location=\"https:\/\/www.colegiosanpelayo.es\/eu\/formacion-familias\/smiley-2979107_1920\/\" style=\"border-radius:500px;\" alt=\"\" \/><\/div><\/div><\/div><div id=\"ultimate-heading-861669f2ae9bd7731\" class=\"uvc-heading ult-adjust-bottom-margin ultimate-heading-861669f2ae9bd7731 uvc-2935  uvc-heading-default-font-sizes\" data-hspacer=\"no_spacer\"  data-halign=\"center\" style=\"text-align:center\"><div class=\"uvc-heading-spacer no_spacer\" style=\"top\"><\/div><div class=\"uvc-sub-heading ult-responsive\"  data-ultimate-target='.uvc-heading.ultimate-heading-861669f2ae9bd7731 .uvc-sub-heading '  data-responsive-json-new='{\"font-size\":\"\",\"line-height\":\"\"}'  style=\"font-weight:normal;color:#81d742;\"><\/p>\n<h3>Adimen emozionala<\/h3>\n<p><\/div><\/div>[vc_column_text]<\/p>\n<p style=\"text-align: center;\">Hileroko saioa<br \/>\nORDUA: 15:30<br \/>\nLEKUA: zentroko liburutegia<\/p>\n<p>[\/vc_column_text][\/vc_column][vc_column width=&#8221;1\/4&#8243;]<style type=\"text\/css\" data-type=\"the7_shortcodes-inline-css\">.shortcode-single-image-wrap.shortcode-single-image-e914f610f10123741883c1188107c996.enable-bg-rollover .rollover i,\n.shortcode-single-image-wrap.shortcode-single-image-e914f610f10123741883c1188107c996.enable-bg-rollover .rollover-video i {\n  background: ;\n  background: -webkit-linear-gradient();\n  background: linear-gradient();\n}\n.shortcode-single-image-wrap.shortcode-single-image-e914f610f10123741883c1188107c996 .rollover-icon {\n  font-size: 32px;\n  color: #ffffff;\n  min-width: 44px;\n  min-height: 44px;\n  line-height: 44px;\n  border-radius: 100px;\n  border-style: solid;\n  border-width: 0px;\n}\n.dt-icon-bg-on.shortcode-single-image-wrap.shortcode-single-image-e914f610f10123741883c1188107c996 .rollover-icon {\n  background: rgba(255,255,255,0.3);\n  -webkit-box-shadow: none;\n  box-shadow: none;\n}\n<\/style><div class=\"shortcode-single-image-wrap shortcode-single-image-e914f610f10123741883c1188107c996 alignnone  enable-bg-rollover dt-icon-bg-off\" style=\"margin-top:0px; margin-bottom:0px; margin-left:0px; margin-right:0px; width:220px;\"><div class=\"shortcode-single-image\"><div class=\"fancy-media-wrap  layzr-bg\" style=\"border-radius:500px;\"><img class=\"preload-me lazy-load\" src=\"data:image\/svg+xml,%3Csvg%20xmlns%3D&#39;http%3A%2F%2Fwww.w3.org%2F2000%2Fsvg&#39;%20viewBox%3D&#39;0%200%20220%20220&#39;%2F%3E\" data-src=\"https:\/\/www.colegiosanpelayo.es\/wp-content\/uploads\/2019\/09\/brain-2062057_1920-220x220.jpg\" data-srcset=\"https:\/\/www.colegiosanpelayo.es\/wp-content\/uploads\/2019\/09\/brain-2062057_1920-220x220.jpg 220w, https:\/\/www.colegiosanpelayo.es\/wp-content\/uploads\/2019\/09\/brain-2062057_1920-440x440.jpg 440w\" width=\"220\" height=\"220\"  data-dt-location=\"https:\/\/www.colegiosanpelayo.es\/eu\/formacion-familias\/brain-2062057_1920\/\" style=\"border-radius:500px;\" alt=\"\" \/><\/div><\/div><\/div><div id=\"ultimate-heading-856469f2ae9bd806b\" class=\"uvc-heading ult-adjust-bottom-margin ultimate-heading-856469f2ae9bd806b uvc-3875  uvc-heading-default-font-sizes\" data-hspacer=\"no_spacer\"  data-halign=\"center\" style=\"text-align:center\"><div class=\"uvc-heading-spacer no_spacer\" style=\"top\"><\/div><div class=\"uvc-sub-heading ult-responsive\"  data-ultimate-target='.uvc-heading.ultimate-heading-856469f2ae9bd806b .uvc-sub-heading '  data-responsive-json-new='{\"font-size\":\"\",\"line-height\":\"\"}'  style=\"font-weight:normal;color:#81d742;\"><\/p>\n<h3>Neurozientziak Bego\u00f1a Ibarrolaren eskutik<\/h3>\n<p><\/div><\/div>[vc_column_text]<\/p>\n<p style=\"text-align: center;\">EGUNA: Abenduak 10<br \/>\nORDUA: zehaztu behar da<br \/>\nLEKUA: zentroko liburutegia<\/p>\n<p>[\/vc_column_text][\/vc_column][vc_column width=&#8221;1\/4&#8243;]<style type=\"text\/css\" data-type=\"the7_shortcodes-inline-css\">.shortcode-single-image-wrap.shortcode-single-image-ff78f210eb9bd9328768ac89101abba4.enable-bg-rollover .rollover i,\n.shortcode-single-image-wrap.shortcode-single-image-ff78f210eb9bd9328768ac89101abba4.enable-bg-rollover .rollover-video i {\n  background: ;\n  background: -webkit-linear-gradient();\n  background: linear-gradient();\n}\n.shortcode-single-image-wrap.shortcode-single-image-ff78f210eb9bd9328768ac89101abba4 .rollover-icon {\n  font-size: 32px;\n  color: #ffffff;\n  min-width: 44px;\n  min-height: 44px;\n  line-height: 44px;\n  border-radius: 100px;\n  border-style: solid;\n  border-width: 0px;\n}\n.dt-icon-bg-on.shortcode-single-image-wrap.shortcode-single-image-ff78f210eb9bd9328768ac89101abba4 .rollover-icon {\n  background: rgba(255,255,255,0.3);\n  -webkit-box-shadow: none;\n  box-shadow: none;\n}\n<\/style><div class=\"shortcode-single-image-wrap shortcode-single-image-ff78f210eb9bd9328768ac89101abba4 alignnone  enable-bg-rollover dt-icon-bg-off\" style=\"margin-top:0px; margin-bottom:0px; margin-left:0px; margin-right:0px; width:220px;\"><div class=\"shortcode-single-image\"><div class=\"fancy-media-wrap  layzr-bg\" style=\"border-radius:500px;\"><img class=\"preload-me lazy-load\" src=\"data:image\/svg+xml,%3Csvg%20xmlns%3D&#39;http%3A%2F%2Fwww.w3.org%2F2000%2Fsvg&#39;%20viewBox%3D&#39;0%200%20220%20220&#39;%2F%3E\" data-src=\"https:\/\/www.colegiosanpelayo.es\/wp-content\/uploads\/2019\/09\/hacker-1944688_1280-220x220.jpg\" data-srcset=\"https:\/\/www.colegiosanpelayo.es\/wp-content\/uploads\/2019\/09\/hacker-1944688_1280-220x220.jpg 220w, https:\/\/www.colegiosanpelayo.es\/wp-content\/uploads\/2019\/09\/hacker-1944688_1280-440x440.jpg 440w\" width=\"220\" height=\"220\"  data-dt-location=\"https:\/\/www.colegiosanpelayo.es\/eu\/formacion-familias\/hacker-1944688_1280\/\" style=\"border-radius:500px;\" alt=\"\" \/><\/div><\/div><\/div><div id=\"ultimate-heading-311769f2ae9bd8691\" class=\"uvc-heading ult-adjust-bottom-margin ultimate-heading-311769f2ae9bd8691 uvc-5646  uvc-heading-default-font-sizes\" data-hspacer=\"no_spacer\"  data-halign=\"center\" style=\"text-align:center\"><div class=\"uvc-heading-spacer no_spacer\" style=\"top\"><\/div><div class=\"uvc-sub-heading ult-responsive\"  data-ultimate-target='.uvc-heading.ultimate-heading-311769f2ae9bd8691 .uvc-sub-heading '  data-responsive-json-new='{\"font-size\":\"\",\"line-height\":\"\"}'  style=\"font-weight:normal;color:#81d742;\"><\/p>\n<h3>Sareko eta teknologia berrien arriskuen tailerra<\/h3>\n<p><\/div><\/div>[vc_column_text]<\/p>\n<p style=\"text-align: center;\">D\u00cdA: 4 de junio<br \/>\nHORA: 15:00<br \/>\nLUGAR: biblioteca del centro[\/vc_column_text][\/vc_column][\/vc_row][vc_row][vc_column][vc_empty_space]<span id=\"creative-link-wrap-5822\" class=\"ult_main_cl ult-adjust-bottom-margin  \" >\n\t \t\t\t<span class=\"  ult_crlink\" >\n\t\t\t\t\t<a  data-ultimate-target='#creative-link-wrap-5822 .ult_colorlink'  data-responsive-json-new='{\"font-size\":\"desktop:32px;\",\"line-height\":\"desktop:32px;\"}'  href=\"https:\/\/docs.google.com\/forms\/d\/e\/1FAIpQLSfRajPDyp_mcp_HW42i2AudskYdZQY3g9OL4rN4wPHRBz04Iw\/viewform\" title=\"enlace\"  class=\"ult_colorlink ult-responsive \" style=\"font-weight:normal; \"  data-textcolor=\"#81d742\" data-texthover=\"#51932d\"data-style=\"\">\n\t\t\t\t\t\t\n\t\t\t\t\t\t<span data-hover=\"Izena emateko, egin klik hemen\" style=\"color:#81d742;;;\" class=\"ult_btn10_span   \">Izena emateko, egin klik hemen<\/span>\n\t\t\t\t\t\t\n\t\t\t\t\t<\/a>\n\t\t\t\t<\/span>\n\t\t\t<\/span>[\/vc_column][\/vc_row]<\/p>\n<p><\/p>","protected":false},"excerpt":{"rendered":"<p>[vc_row][vc_column width=&#8221;1\/4&#8243;][vc_column_text] EGUNA: azaroan ORDUA: 15:00-16:30 LEKUA: zentroko liburutegia [\/vc_column_text][\/vc_column][vc_column width=&#8221;1\/4&#8243;][vc_column_text] Hileroko saioa ORDUA: 15:30 LEKUA: zentroko liburutegia [\/vc_column_text][\/vc_column][vc_column width=&#8221;1\/4&#8243;][vc_column_text] EGUNA: Abenduak 10 ORDUA: zehaztu behar da LEKUA: zentroko liburutegia [\/vc_column_text][\/vc_column][vc_column width=&#8221;1\/4&#8243;][vc_column_text] D\u00cdA: 4 de junio HORA: 15:00 LUGAR: biblioteca del centro[\/vc_column_text][\/vc_column][\/vc_row][vc_row][vc_column][vc_empty_space][\/vc_column][\/vc_row]<\/p>\n","protected":false},"author":1,"featured_media":2100,"parent":0,"menu_order":0,"comment_status":"closed","ping_status":"closed","template":"","meta":[],"yoast_head":"<!-- This site is optimized with the Yoast SEO plugin v21.0 - https:\/\/yoast.com\/wordpress\/plugins\/seo\/ -->\n<title>Familien prestakuntza | Colegio San Pelayo Ikastetxea<\/title>\n<meta name=\"description\" content=\"Formaci\u00f3n de familias Colegio San Pelayo Ikastetxea Ermua | Taller de matem\u00e1ticas | Inteligencia emocional | Neurociencia | Riesgos en la red\" \/>\n<meta name=\"robots\" content=\"index, follow, max-snippet:-1, max-image-preview:large, max-video-preview:-1\" \/>\n<link rel=\"canonical\" href=\"https:\/\/www.colegiosanpelayo.es\/formacion-familias\/\" \/>\n<meta property=\"og:locale\" content=\"en_US\" \/>\n<meta property=\"og:type\" content=\"article\" \/>\n<meta property=\"og:title\" content=\"[:es]Formaci\u00f3n familias[:eu]Familien prestakuntza[:en]Family Formation[:] | Colegio San Pelayo Ikastetxea\" \/>\n<meta property=\"og:description\" content=\"Formaci\u00f3n de familias Colegio San Pelayo Ikastetxea Ermua | Taller de matem\u00e1ticas | Inteligencia emocional | Neurociencia | Riesgos en la red\" \/>\n<meta property=\"og:url\" content=\"https:\/\/www.colegiosanpelayo.es\/formacion-familias\/\" \/>\n<meta property=\"og:site_name\" content=\"Colegio San Pelayo Ikastetxea\" \/>\n<meta property=\"article:modified_time\" content=\"2019-11-21T15:03:13+00:00\" \/>\n<meta property=\"og:image\" content=\"https:\/\/www.colegiosanpelayo.es\/wp-content\/uploads\/2019\/09\/IMG_20190919_132504-scaled.jpg\" \/>\n\t<meta property=\"og:image:width\" content=\"2560\" \/>\n\t<meta property=\"og:image:height\" content=\"1920\" \/>\n\t<meta property=\"og:image:type\" content=\"image\/jpeg\" \/>\n<meta name=\"twitter:card\" content=\"summary_large_image\" \/>\n<meta name=\"twitter:label1\" content=\"Est. reading time\" \/>\n\t<meta name=\"twitter:data1\" content=\"4 minutua\" \/>\n<script type=\"application\/ld+json\" class=\"yoast-schema-graph\">{\"@context\":\"https:\/\/schema.org\",\"@graph\":[{\"@type\":\"WebPage\",\"@id\":\"https:\/\/www.colegiosanpelayo.es\/formacion-familias\/\",\"url\":\"https:\/\/www.colegiosanpelayo.es\/formacion-familias\/\",\"name\":\"[:es]Formaci\u00f3n familias[:eu]Familien prestakuntza[:en]Family Formation[:] | Colegio San Pelayo Ikastetxea\",\"isPartOf\":{\"@id\":\"https:\/\/www.colegiosanpelayo.es\/#website\"},\"datePublished\":\"2019-09-09T16:58:21+00:00\",\"dateModified\":\"2019-11-21T15:03:13+00:00\",\"description\":\"Formaci\u00f3n de familias Colegio San Pelayo Ikastetxea Ermua | Taller de matem\u00e1ticas | Inteligencia emocional | Neurociencia | Riesgos en la red\",\"breadcrumb\":{\"@id\":\"https:\/\/www.colegiosanpelayo.es\/formacion-familias\/#breadcrumb\"},\"inLanguage\":\"eu\",\"potentialAction\":[{\"@type\":\"ReadAction\",\"target\":[\"https:\/\/www.colegiosanpelayo.es\/formacion-familias\/\"]}]},{\"@type\":\"BreadcrumbList\",\"@id\":\"https:\/\/www.colegiosanpelayo.es\/formacion-familias\/#breadcrumb\",\"itemListElement\":[{\"@type\":\"ListItem\",\"position\":1,\"name\":\"Portada\",\"item\":\"https:\/\/www.colegiosanpelayo.es\/\"},{\"@type\":\"ListItem\",\"position\":2,\"name\":\"Formaci\u00f3n familias\"}]},{\"@type\":\"WebSite\",\"@id\":\"https:\/\/www.colegiosanpelayo.es\/#website\",\"url\":\"https:\/\/www.colegiosanpelayo.es\/\",\"name\":\"Colegio San Pelayo Ikastetxea\",\"description\":\"Aprendizaje Ubicuo y Personalizado\",\"potentialAction\":[{\"@type\":\"SearchAction\",\"target\":{\"@type\":\"EntryPoint\",\"urlTemplate\":\"https:\/\/www.colegiosanpelayo.es\/?s={search_term_string}\"},\"query-input\":\"required name=search_term_string\"}],\"inLanguage\":\"eu\"}]}<\/script>\n<!-- \/ Yoast SEO plugin. -->","yoast_head_json":{"title":"[:es]Formaci\u00f3n familias[:eu]Familien prestakuntza[:en]Family Formation[:] | Colegio San Pelayo Ikastetxea","description":"Formaci\u00f3n de familias Colegio San Pelayo Ikastetxea Ermua | Taller de matem\u00e1ticas | Inteligencia emocional | Neurociencia | Riesgos en la red","robots":{"index":"index","follow":"follow","max-snippet":"max-snippet:-1","max-image-preview":"max-image-preview:large","max-video-preview":"max-video-preview:-1"},"canonical":"https:\/\/www.colegiosanpelayo.es\/formacion-familias\/","og_locale":"en_US","og_type":"article","og_title":"[:es]Formaci\u00f3n familias[:eu]Familien prestakuntza[:en]Family Formation[:] | Colegio San Pelayo Ikastetxea","og_description":"Formaci\u00f3n de familias Colegio San Pelayo Ikastetxea Ermua | Taller de matem\u00e1ticas | Inteligencia emocional | Neurociencia | Riesgos en la red","og_url":"https:\/\/www.colegiosanpelayo.es\/formacion-familias\/","og_site_name":"Colegio San Pelayo Ikastetxea","article_modified_time":"2019-11-21T15:03:13+00:00","og_image":[{"width":2560,"height":1920,"url":"https:\/\/www.colegiosanpelayo.es\/wp-content\/uploads\/2019\/09\/IMG_20190919_132504-scaled.jpg","type":"image\/jpeg"}],"twitter_card":"summary_large_image","twitter_misc":{"Est. reading time":"4 minutua"},"schema":{"@context":"https:\/\/schema.org","@graph":[{"@type":"WebPage","@id":"https:\/\/www.colegiosanpelayo.es\/formacion-familias\/","url":"https:\/\/www.colegiosanpelayo.es\/formacion-familias\/","name":"[:es]Formaci\u00f3n familias[:eu]Familien prestakuntza[:en]Family Formation[:] | Colegio San Pelayo Ikastetxea","isPartOf":{"@id":"https:\/\/www.colegiosanpelayo.es\/#website"},"datePublished":"2019-09-09T16:58:21+00:00","dateModified":"2019-11-21T15:03:13+00:00","description":"Formaci\u00f3n de familias Colegio San Pelayo Ikastetxea Ermua | Taller de matem\u00e1ticas | Inteligencia emocional | Neurociencia | Riesgos en la red","breadcrumb":{"@id":"https:\/\/www.colegiosanpelayo.es\/formacion-familias\/#breadcrumb"},"inLanguage":"eu","potentialAction":[{"@type":"ReadAction","target":["https:\/\/www.colegiosanpelayo.es\/formacion-familias\/"]}]},{"@type":"BreadcrumbList","@id":"https:\/\/www.colegiosanpelayo.es\/formacion-familias\/#breadcrumb","itemListElement":[{"@type":"ListItem","position":1,"name":"Portada","item":"https:\/\/www.colegiosanpelayo.es\/"},{"@type":"ListItem","position":2,"name":"Formaci\u00f3n familias"}]},{"@type":"WebSite","@id":"https:\/\/www.colegiosanpelayo.es\/#website","url":"https:\/\/www.colegiosanpelayo.es\/","name":"Colegio San Pelayo Ikastetxea","description":"Aprendizaje Ubicuo y Personalizado","potentialAction":[{"@type":"SearchAction","target":{"@type":"EntryPoint","urlTemplate":"https:\/\/www.colegiosanpelayo.es\/?s={search_term_string}"},"query-input":"required name=search_term_string"}],"inLanguage":"eu"}]}},"_links":{"self":[{"href":"https:\/\/www.colegiosanpelayo.es\/eu\/wp-json\/wp\/v2\/pages\/1963"}],"collection":[{"href":"https:\/\/www.colegiosanpelayo.es\/eu\/wp-json\/wp\/v2\/pages"}],"about":[{"href":"https:\/\/www.colegiosanpelayo.es\/eu\/wp-json\/wp\/v2\/types\/page"}],"author":[{"embeddable":true,"href":"https:\/\/www.colegiosanpelayo.es\/eu\/wp-json\/wp\/v2\/users\/1"}],"replies":[{"embeddable":true,"href":"https:\/\/www.colegiosanpelayo.es\/eu\/wp-json\/wp\/v2\/comments?post=1963"}],"version-history":[{"count":15,"href":"https:\/\/www.colegiosanpelayo.es\/eu\/wp-json\/wp\/v2\/pages\/1963\/revisions"}],"predecessor-version":[{"id":2328,"href":"https:\/\/www.colegiosanpelayo.es\/eu\/wp-json\/wp\/v2\/pages\/1963\/revisions\/2328"}],"wp:featuredmedia":[{"embeddable":true,"href":"https:\/\/www.colegiosanpelayo.es\/eu\/wp-json\/wp\/v2\/media\/2100"}],"wp:attachment":[{"href":"https:\/\/www.colegiosanpelayo.es\/eu\/wp-json\/wp\/v2\/media?parent=1963"}],"curies":[{"name":"wp","href":"https:\/\/api.w.org\/{rel}","templated":true}]}}