{"id":7331,"date":"2024-07-07T12:17:06","date_gmt":"2024-07-07T10:17:06","guid":{"rendered":"https:\/\/www.colegiosanpelayo.es\/?page_id=7331"},"modified":"2024-07-08T10:32:20","modified_gmt":"2024-07-08T08:32:20","slug":"oxford-test-of-english","status":"publish","type":"page","link":"https:\/\/www.colegiosanpelayo.es\/eu\/oxford-test-of-english\/","title":{"rendered":"Oxfordeko Ingeleseko Proba"},"content":{"rendered":"<p>[vc_row][vc_column][vc_column_text el_class=&#8221;texto&#8221; css=&#8221;.vc_custom_1720350211359{padding-bottom: 20px !important;}&#8221;]El Colegio San Pelayo Ikastetxea es centro examinador autorizado en Ermua.<br \/>\nEl Colegio ofrece la posibilidad de acreditar tu nivel de ingl\u00e9s (A2, B1, B2 o C1)<br \/>\nDirigido a todas aquellas personas que quieran certificar su nivel de ingl\u00e9s.[\/vc_column_text][\/vc_column][\/vc_row][vc_row][vc_column css_animation=&#8221;fadeInUp&#8221;]<div id=\"ultimate-heading-544769f3fe983ef88\" class=\"uvc-heading ult-adjust-bottom-margin ultimate-heading-544769f3fe983ef88 uvc-9752 \" data-hspacer=\"no_spacer\"  data-halign=\"left\" style=\"text-align:left\"><div class=\"uvc-heading-spacer no_spacer\" style=\"top\"><\/div><div class=\"uvc-main-heading ult-responsive\"  data-ultimate-target='.uvc-heading.ultimate-heading-544769f3fe983ef88 h1'  data-responsive-json-new='{\"font-size\":\"desktop:32px;\",\"line-height\":\"desktop:32px;\"}' ><h1 style=\"--font-weight:theme;color:#45a834;margin-bottom:20px;\">\u00bfQu\u00e9 es el Oxford Test of English?<\/h1><\/div><\/div>[vc_column_text css=&#8221;.vc_custom_1720349827520{padding-bottom: 20px !important;}&#8221;]El Oxford Test of English es un examen de ingl\u00e9s desarrollado por Oxford University Press, y reconocido externamente por diversas instituciones educativas. Permite acreditar 4 niveles dentro del Marco Com\u00fan Europeo de Referencia para las Lenguas: A2, B1, B2 y C1<\/p>\n<p>Es v\u00e1lido para m\u00e1steres, Erasmus, Oposiciones\u2026 Est\u00e1 reconocido por las instituciones m\u00e1s prestigiosas como CRUE, ACLES, MEC y un centenar de universidades.[\/vc_column_text][\/vc_column][\/vc_row][vc_row][vc_column css_animation=&#8221;fadeInUp&#8221; css=&#8221;.vc_custom_1720359890444{padding-top: 20px !important;padding-bottom: 20px !important;}&#8221;]<div id=\"ultimate-heading-57469f3fe983efc3\" class=\"uvc-heading ult-adjust-bottom-margin ultimate-heading-57469f3fe983efc3 uvc-6802 \" data-hspacer=\"no_spacer\"  data-halign=\"left\" style=\"text-align:left\"><div class=\"uvc-heading-spacer no_spacer\" style=\"top\"><\/div><div class=\"uvc-main-heading ult-responsive\"  data-ultimate-target='.uvc-heading.ultimate-heading-57469f3fe983efc3 h1'  data-responsive-json-new='{\"font-size\":\"desktop:32px;\",\"line-height\":\"desktop:32px;\"}' ><h1 style=\"--font-weight:theme;color:#45a834;margin-bottom:20px;\">\u00bfQui\u00e9n puede realizar el examen?<\/h1><\/div><div class=\"uvc-sub-heading ult-responsive\"  data-ultimate-target='.uvc-heading.ultimate-heading-57469f3fe983efc3 .uvc-sub-heading '  data-responsive-json-new='{\"font-size\":\"\",\"line-height\":\"\"}'  style=\"font-weight:normal;\"><\/p>\n<h4>Contamos con dos versiones del examen:<\/h4>\n<p><\/div><\/div><div class=\"standard-arrow bullet-top\"><ul>\n<li>Oxford Test of English: desarrollado para alumnos de m\u00e1s de 16 a\u00f1os<\/li>\n<li>Oxford Test of English for Schools: planteando para adaptarse a los intereses y experiencias de los candidatos con edades comprendidas entre los 12 y los 16.<\/li>\n<\/ul>\n<\/div>[vc_column_text]De todas formas, es una recomendaci\u00f3n, ya que un alumno de 15 a\u00f1os podr\u00eda realizar el Oxford Test of English sin problema.[\/vc_column_text][\/vc_column][\/vc_row][vc_row][vc_column css_animation=&#8221;fadeInUp&#8221; css=&#8221;.vc_custom_1720359907782{padding-bottom: 20px !important;}&#8221;]<div id=\"ultimate-heading-222069f3fe983f04c\" class=\"uvc-heading ult-adjust-bottom-margin ultimate-heading-222069f3fe983f04c uvc-5566 \" data-hspacer=\"no_spacer\"  data-halign=\"left\" style=\"text-align:left\"><div class=\"uvc-heading-spacer no_spacer\" style=\"top\"><\/div><div class=\"uvc-main-heading ult-responsive\"  data-ultimate-target='.uvc-heading.ultimate-heading-222069f3fe983f04c h1'  data-responsive-json-new='{\"font-size\":\"desktop:32px;\",\"line-height\":\"desktop:32px;\"}' ><h1 style=\"--font-weight:theme;color:#45a834;margin-bottom:20px;\">\u00bfC\u00f3mo es el examen?<\/h1><\/div><\/div><div class=\"standard-arrow bullet-top\"><ul>\n<li>Es un test 100% online. La Asunci\u00f3n pone a disposici\u00f3n del alumnado el equipo inform\u00e1tico con la licencia correspondiente, auriculares y asistencia t\u00e9cnica y pedag\u00f3gica.<\/li>\n<li>Aproximadamente tiene una duraci\u00f3n de\u00a02 horas.<\/li>\n<li>Consta de cuatro partes diferenciadas. Cada parte corresponde a una de las competencias o destrezas b\u00e1sicas ling\u00fc\u00edsticas:<\/li>\n<\/ul>\n<\/div>[vc_empty_space height=&#8221;20px&#8221;]<div class=\"standard-number-list bullet-top\"><ul>\n<li>Reading\u00a0(comprensi\u00f3n escrita)<\/li>\n<li>Listening\u00a0(compresi\u00f3n oral)<\/li>\n<li>Speaking\u00a0(expresi\u00f3n oral)<\/li>\n<li>Writing\u00a0(expresi\u00f3n escrita)<\/li>\n<\/ul>\n<\/div>[\/vc_column][\/vc_row][vc_row][vc_column css_animation=&#8221;fadeInUp&#8221; css=&#8221;.vc_custom_1720360491709{padding-top: 20px !important;padding-bottom: 20px !important;}&#8221;][vc_column_text]Los resultados de la prueba de reading y listening est\u00e1n disponibles al finalizar el examen mientras que los de speaking y writing se consiguen en 14 d\u00edas. Se presentan en un formato claro e informativo a modo de informe que muestra el nivel de la persona examinada en cada una de las cuatro competencias por separado, de acuerdo con los niveles del Marco Com\u00fan Europeo de Referencia.<\/p>\n<p>Si obtengo una nota inferior a la deseada en alguna de las destrezas, \u00bftengo que volver a hacer todo el examen?\u00a0 NO<\/p>\n<p>&nbsp;<\/p>\n<p>El Oxford Test of English ofrece al alumno la posibilidad de presentarse a aquellos m\u00f3dulos que se quieran mejorar por separado. Es por lo tanto una posibilidad de recuperar la destreza con peor resultado, guard\u00e1ndose la nota del resto de destrezas.[\/vc_column_text][\/vc_column][\/vc_row][vc_row][vc_column css_animation=&#8221;fadeIn&#8221; css=&#8221;.vc_custom_1720360049077{padding-top: 20px !important;}&#8221;]<span id=\"creative-link-wrap-4438\" class=\"ult_main_cl ult-adjust-bottom-margin  \" >\n\t \t\t\t<span class=\"ult_cl_link_3  ult_crlink\" >\n\t\t\t\t\t<a  data-ultimate-target='#creative-link-wrap-4438 .ult_colorlink'  data-responsive-json-new='{\"font-size\":\"desktop:22px;\",\"line-height\":\"\"}'  href=\"https:\/\/www.oup.es\/es\/oxfordtestofenglish\"  class=\"ult_colorlink ult-responsive \" style=\"font-weight:bold; \"  data-textcolor=\"#333333\" data-texthover=\"#45a834\"data-style=\"Style_3\">\n\t\t\t\t\t\t\n\t\t\t\t\t\t<span data-hover=\"Informaci\u00f3n sobre el examen General\" style=\"color:#333333;;;\" class=\"ult_btn10_span   \">Informaci\u00f3n sobre el examen General<\/span>\n\t\t\t\t\t\t<span class=\"ult_link_btm3 \" style=\"border-color:#333333;border-bottom-width:1px;border-style:solid;\"><\/span>\n\t\t\t\t\t<\/a>\n\t\t\t\t<\/span>\n\t\t\t<\/span><style type=\"text\/css\" data-type=\"the7_shortcodes-inline-css\">.shortcode-single-image-wrap.shortcode-single-image-797fb2ffa0d139e4d1fa56310fa34f56.enable-bg-rollover .rollover i,\n.shortcode-single-image-wrap.shortcode-single-image-797fb2ffa0d139e4d1fa56310fa34f56.enable-bg-rollover .rollover-video i {\n  background: -webkit-linear-gradient();\n  background: linear-gradient();\n}\n.shortcode-single-image-wrap.shortcode-single-image-797fb2ffa0d139e4d1fa56310fa34f56 .rollover-icon {\n  font-size: 32px;\n  color: #ffffff;\n  min-width: 44px;\n  min-height: 44px;\n  line-height: 44px;\n  border-radius: 100px;\n  border-style: solid;\n  border-width: 0px;\n}\n.dt-icon-bg-on.shortcode-single-image-wrap.shortcode-single-image-797fb2ffa0d139e4d1fa56310fa34f56 .rollover-icon {\n  background: rgba(255,255,255,0.3);\n  box-shadow: none;\n}\n<\/style><div class=\"shortcode-single-image-wrap shortcode-single-image-797fb2ffa0d139e4d1fa56310fa34f56 alignnone  vc_custom_1720427378277 enable-bg-rollover dt-icon-bg-off\" ><div class=\"shortcode-single-image\"><div class=\"fancy-media-wrap\" style=\"\"><a href=\"https:\/\/www.oup.es\/es\/oxfordtestofenglish\" class=\" layzr-bg rollover\" style=\"\" target=\"_blank\" rel=\"noopener\" aria-label=\"Image\"><img class=\"preload-me lazy-load\" src=\"data:image\/svg+xml,%3Csvg%20xmlns%3D&#39;http%3A%2F%2Fwww.w3.org%2F2000%2Fsvg&#39;%20viewBox%3D&#39;0%200%20312%20143&#39;%2F%3E\" data-src=\"https:\/\/www.colegiosanpelayo.es\/wp-content\/uploads\/2024\/06\/OTE-Approved-Test-Centre-Logo.png\" data-srcset=\"https:\/\/www.colegiosanpelayo.es\/wp-content\/uploads\/2024\/06\/OTE-Approved-Test-Centre-Logo.png 312w\" width=\"312\" height=\"143\"  data-dt-location=\"https:\/\/www.colegiosanpelayo.es\/eu\/home\/ote-approved-test-centre-logo\/\" alt=\"\" \/><\/a><\/div><\/div><\/div><span id=\"creative-link-wrap-5022\" class=\"ult_main_cl ult-adjust-bottom-margin  \" >\n\t \t\t\t<span class=\"ult_cl_link_3  ult_crlink\" >\n\t\t\t\t\t<a  data-ultimate-target='#creative-link-wrap-5022 .ult_colorlink'  data-responsive-json-new='{\"font-size\":\"desktop:22px;\",\"line-height\":\"\"}'  href=\"https:\/\/www.oup.es\/es\/oteadvanced\"  class=\"ult_colorlink ult-responsive  vc_custom_1720427531496\" style=\"font-weight:bold; \"  data-textcolor=\"#333333\" data-texthover=\"#45a834\"data-style=\"Style_3\">\n\t\t\t\t\t\t\n\t\t\t\t\t\t<span data-hover=\"Informaci\u00f3n sobre el examen Advanced\" style=\"color:#333333;;;\" class=\"ult_btn10_span   \">Informaci\u00f3n sobre el examen Advanced<\/span>\n\t\t\t\t\t\t<span class=\"ult_link_btm3 \" style=\"border-color:#333333;border-bottom-width:1px;border-style:solid;\"><\/span>\n\t\t\t\t\t<\/a>\n\t\t\t\t<\/span>\n\t\t\t<\/span><style type=\"text\/css\" data-type=\"the7_shortcodes-inline-css\">.shortcode-single-image-wrap.shortcode-single-image-44a7886a1f35654e328d9142d137d317.enable-bg-rollover .rollover i,\n.shortcode-single-image-wrap.shortcode-single-image-44a7886a1f35654e328d9142d137d317.enable-bg-rollover .rollover-video i {\n  background: -webkit-linear-gradient();\n  background: linear-gradient();\n}\n.shortcode-single-image-wrap.shortcode-single-image-44a7886a1f35654e328d9142d137d317 .rollover-icon {\n  font-size: 32px;\n  color: #ffffff;\n  min-width: 44px;\n  min-height: 44px;\n  line-height: 44px;\n  border-radius: 100px;\n  border-style: solid;\n  border-width: 0px;\n}\n.dt-icon-bg-on.shortcode-single-image-wrap.shortcode-single-image-44a7886a1f35654e328d9142d137d317 .rollover-icon {\n  background: rgba(255,255,255,0.3);\n  box-shadow: none;\n}\n<\/style><div class=\"shortcode-single-image-wrap shortcode-single-image-44a7886a1f35654e328d9142d137d317 alignnone  vc_custom_1720427245346 enable-bg-rollover dt-icon-bg-off\" ><div class=\"shortcode-single-image\"><div class=\"fancy-media-wrap\" style=\"\"><a href=\"https:\/\/www.oup.es\/es\/oteadvanced\" class=\" layzr-bg rollover\" style=\"\" target=\"_blank\" rel=\"noopener\" aria-label=\"Image\"><img class=\"preload-me lazy-load\" src=\"data:image\/svg+xml,%3Csvg%20xmlns%3D&#39;http%3A%2F%2Fwww.w3.org%2F2000%2Fsvg&#39;%20viewBox%3D&#39;0%200%20400%20225&#39;%2F%3E\" data-src=\"https:\/\/www.colegiosanpelayo.es\/wp-content\/uploads\/2024\/07\/oxford_advanced-400x225.png\" data-srcset=\"https:\/\/www.colegiosanpelayo.es\/wp-content\/uploads\/2024\/07\/oxford_advanced-400x225.png 400w, https:\/\/www.colegiosanpelayo.es\/wp-content\/uploads\/2024\/07\/oxford_advanced.png 435w\" width=\"400\" height=\"225\"  data-dt-location=\"https:\/\/www.colegiosanpelayo.es\/eu\/oxford-test-of-english\/oxford_advanced\/\" alt=\"\" \/><\/a><\/div><\/div><\/div>[vc_empty_space height=&#8221;35px&#8221;][vc_column_text]<\/p>\n<p style=\"font-size: 28px;\">M\u00e1s informaci\u00f3n: 943170468<\/p>\n<p>&nbsp;<\/p>\n<p style=\"font-size: 28px;\">colegio@colegiosanpelayo.es<\/p>\n<p>&nbsp;<\/p>\n<p>&nbsp;[\/vc_column_text][\/vc_column][\/vc_row][vc_row][vc_column][vc_single_image image=&#8221;7347&#8243; img_size=&#8221;large&#8221; alignment=&#8221;center&#8221; css_animation=&#8221;fadeIn&#8221; lazy_loading=&#8221;true&#8221;][\/vc_column][\/vc_row][vc_row][vc_column][\/vc_column][\/vc_row]<\/p>\n","protected":false},"excerpt":{"rendered":"<p>[vc_row][vc_column][vc_column_text el_class=&#8221;texto&#8221; css=&#8221;.vc_custom_1720350211359{padding-bottom: 20px !important;}&#8221;]El Colegio San Pelayo Ikastetxea es centro examinador autorizado en Ermua. El Colegio ofrece la posibilidad de acreditar tu nivel de ingl\u00e9s (A2, B1, B2 o C1) Dirigido a todas aquellas personas que quieran certificar su nivel de ingl\u00e9s.[\/vc_column_text][\/vc_column][\/vc_row][vc_row][vc_column css_animation=&#8221;fadeInUp&#8221;][vc_column_text css=&#8221;.vc_custom_1720349827520{padding-bottom: 20px !important;}&#8221;]El Oxford Test of English es un examen de&hellip;<\/p>\n","protected":false},"author":1,"featured_media":0,"parent":0,"menu_order":0,"comment_status":"closed","ping_status":"closed","template":"","meta":[],"yoast_head":"<!-- This site is optimized with the Yoast SEO plugin v21.0 - https:\/\/yoast.com\/wordpress\/plugins\/seo\/ -->\n<title>Oxfordeko Ingeleseko Proba - Colegio San Pelayo Ikastetxea<\/title>\n<meta name=\"robots\" content=\"index, follow, max-snippet:-1, max-image-preview:large, max-video-preview:-1\" \/>\n<link rel=\"canonical\" href=\"https:\/\/www.colegiosanpelayo.es\/oxford-test-of-english\/\" \/>\n<meta property=\"og:locale\" content=\"en_US\" \/>\n<meta property=\"og:type\" content=\"article\" \/>\n<meta property=\"og:title\" content=\"[:es]Oxford Test of English[:eu]Oxfordeko Ingeleseko Proba[:en]Oxford Test of English[:] - Colegio San Pelayo Ikastetxea\" \/>\n<meta property=\"og:description\" content=\"[vc_row][vc_column][vc_column_text el_class=&#8221;texto&#8221; css=&#8221;.vc_custom_1720350211359{padding-bottom: 20px !important;}&#8221;]El Colegio San Pelayo Ikastetxea es centro examinador autorizado en Ermua. El Colegio ofrece la posibilidad de acreditar tu nivel de ingl\u00e9s (A2, B1, B2 o C1) Dirigido a todas aquellas personas que quieran certificar su nivel de ingl\u00e9s.[\/vc_column_text][\/vc_column][\/vc_row][vc_row][vc_column css_animation=&#8221;fadeInUp&#8221;][vc_column_text css=&#8221;.vc_custom_1720349827520{padding-bottom: 20px !important;}&#8221;]El Oxford Test of English es un examen de&hellip;\" \/>\n<meta property=\"og:url\" content=\"https:\/\/www.colegiosanpelayo.es\/oxford-test-of-english\/\" \/>\n<meta property=\"og:site_name\" content=\"Colegio San Pelayo Ikastetxea\" \/>\n<meta property=\"article:modified_time\" content=\"2024-07-08T08:32:20+00:00\" \/>\n<meta name=\"twitter:card\" content=\"summary_large_image\" \/>\n<meta name=\"twitter:label1\" content=\"Est. reading time\" \/>\n\t<meta name=\"twitter:data1\" content=\"3 minutua\" \/>\n<script type=\"application\/ld+json\" class=\"yoast-schema-graph\">{\"@context\":\"https:\/\/schema.org\",\"@graph\":[{\"@type\":\"WebPage\",\"@id\":\"https:\/\/www.colegiosanpelayo.es\/oxford-test-of-english\/\",\"url\":\"https:\/\/www.colegiosanpelayo.es\/oxford-test-of-english\/\",\"name\":\"[:es]Oxford Test of English[:eu]Oxfordeko Ingeleseko Proba[:en]Oxford Test of English[:] - Colegio San Pelayo Ikastetxea\",\"isPartOf\":{\"@id\":\"https:\/\/www.colegiosanpelayo.es\/#website\"},\"datePublished\":\"2024-07-07T10:17:06+00:00\",\"dateModified\":\"2024-07-08T08:32:20+00:00\",\"breadcrumb\":{\"@id\":\"https:\/\/www.colegiosanpelayo.es\/oxford-test-of-english\/#breadcrumb\"},\"inLanguage\":\"eu\",\"potentialAction\":[{\"@type\":\"ReadAction\",\"target\":[\"https:\/\/www.colegiosanpelayo.es\/oxford-test-of-english\/\"]}]},{\"@type\":\"BreadcrumbList\",\"@id\":\"https:\/\/www.colegiosanpelayo.es\/oxford-test-of-english\/#breadcrumb\",\"itemListElement\":[{\"@type\":\"ListItem\",\"position\":1,\"name\":\"Portada\",\"item\":\"https:\/\/www.colegiosanpelayo.es\/\"},{\"@type\":\"ListItem\",\"position\":2,\"name\":\"Oxford Test of English\"}]},{\"@type\":\"WebSite\",\"@id\":\"https:\/\/www.colegiosanpelayo.es\/#website\",\"url\":\"https:\/\/www.colegiosanpelayo.es\/\",\"name\":\"Colegio San Pelayo Ikastetxea\",\"description\":\"Aprendizaje Ubicuo y Personalizado\",\"potentialAction\":[{\"@type\":\"SearchAction\",\"target\":{\"@type\":\"EntryPoint\",\"urlTemplate\":\"https:\/\/www.colegiosanpelayo.es\/?s={search_term_string}\"},\"query-input\":\"required name=search_term_string\"}],\"inLanguage\":\"eu\"}]}<\/script>\n<!-- \/ Yoast SEO plugin. -->","yoast_head_json":{"title":"[:es]Oxford Test of English[:eu]Oxfordeko Ingeleseko Proba[:en]Oxford Test of English[:] - Colegio San Pelayo Ikastetxea","robots":{"index":"index","follow":"follow","max-snippet":"max-snippet:-1","max-image-preview":"max-image-preview:large","max-video-preview":"max-video-preview:-1"},"canonical":"https:\/\/www.colegiosanpelayo.es\/oxford-test-of-english\/","og_locale":"en_US","og_type":"article","og_title":"[:es]Oxford Test of English[:eu]Oxfordeko Ingeleseko Proba[:en]Oxford Test of English[:] - Colegio San Pelayo Ikastetxea","og_description":"[vc_row][vc_column][vc_column_text el_class=&#8221;texto&#8221; css=&#8221;.vc_custom_1720350211359{padding-bottom: 20px !important;}&#8221;]El Colegio San Pelayo Ikastetxea es centro examinador autorizado en Ermua. El Colegio ofrece la posibilidad de acreditar tu nivel de ingl\u00e9s (A2, B1, B2 o C1) Dirigido a todas aquellas personas que quieran certificar su nivel de ingl\u00e9s.[\/vc_column_text][\/vc_column][\/vc_row][vc_row][vc_column css_animation=&#8221;fadeInUp&#8221;][vc_column_text css=&#8221;.vc_custom_1720349827520{padding-bottom: 20px !important;}&#8221;]El Oxford Test of English es un examen de&hellip;","og_url":"https:\/\/www.colegiosanpelayo.es\/oxford-test-of-english\/","og_site_name":"Colegio San Pelayo Ikastetxea","article_modified_time":"2024-07-08T08:32:20+00:00","twitter_card":"summary_large_image","twitter_misc":{"Est. reading time":"3 minutua"},"schema":{"@context":"https:\/\/schema.org","@graph":[{"@type":"WebPage","@id":"https:\/\/www.colegiosanpelayo.es\/oxford-test-of-english\/","url":"https:\/\/www.colegiosanpelayo.es\/oxford-test-of-english\/","name":"[:es]Oxford Test of English[:eu]Oxfordeko Ingeleseko Proba[:en]Oxford Test of English[:] - Colegio San Pelayo Ikastetxea","isPartOf":{"@id":"https:\/\/www.colegiosanpelayo.es\/#website"},"datePublished":"2024-07-07T10:17:06+00:00","dateModified":"2024-07-08T08:32:20+00:00","breadcrumb":{"@id":"https:\/\/www.colegiosanpelayo.es\/oxford-test-of-english\/#breadcrumb"},"inLanguage":"eu","potentialAction":[{"@type":"ReadAction","target":["https:\/\/www.colegiosanpelayo.es\/oxford-test-of-english\/"]}]},{"@type":"BreadcrumbList","@id":"https:\/\/www.colegiosanpelayo.es\/oxford-test-of-english\/#breadcrumb","itemListElement":[{"@type":"ListItem","position":1,"name":"Portada","item":"https:\/\/www.colegiosanpelayo.es\/"},{"@type":"ListItem","position":2,"name":"Oxford Test of English"}]},{"@type":"WebSite","@id":"https:\/\/www.colegiosanpelayo.es\/#website","url":"https:\/\/www.colegiosanpelayo.es\/","name":"Colegio San Pelayo Ikastetxea","description":"Aprendizaje Ubicuo y Personalizado","potentialAction":[{"@type":"SearchAction","target":{"@type":"EntryPoint","urlTemplate":"https:\/\/www.colegiosanpelayo.es\/?s={search_term_string}"},"query-input":"required name=search_term_string"}],"inLanguage":"eu"}]}},"_links":{"self":[{"href":"https:\/\/www.colegiosanpelayo.es\/eu\/wp-json\/wp\/v2\/pages\/7331"}],"collection":[{"href":"https:\/\/www.colegiosanpelayo.es\/eu\/wp-json\/wp\/v2\/pages"}],"about":[{"href":"https:\/\/www.colegiosanpelayo.es\/eu\/wp-json\/wp\/v2\/types\/page"}],"author":[{"embeddable":true,"href":"https:\/\/www.colegiosanpelayo.es\/eu\/wp-json\/wp\/v2\/users\/1"}],"replies":[{"embeddable":true,"href":"https:\/\/www.colegiosanpelayo.es\/eu\/wp-json\/wp\/v2\/comments?post=7331"}],"version-history":[{"count":26,"href":"https:\/\/www.colegiosanpelayo.es\/eu\/wp-json\/wp\/v2\/pages\/7331\/revisions"}],"predecessor-version":[{"id":7361,"href":"https:\/\/www.colegiosanpelayo.es\/eu\/wp-json\/wp\/v2\/pages\/7331\/revisions\/7361"}],"wp:attachment":[{"href":"https:\/\/www.colegiosanpelayo.es\/eu\/wp-json\/wp\/v2\/media?parent=7331"}],"curies":[{"name":"wp","href":"https:\/\/api.w.org\/{rel}","templated":true}]}}